{"id":693,"date":"2019-06-29T09:53:15","date_gmt":"2019-06-29T09:53:15","guid":{"rendered":"https:\/\/www.carosello.cz\/?page_id=693"},"modified":"2019-07-02T13:33:06","modified_gmt":"2019-07-02T13:33:06","slug":"reservation","status":"publish","type":"page","link":"https:\/\/www.carosello.cz\/en\/reservation\/","title":{"rendered":"Reservation"},"content":{"rendered":"\n<div class=\"wpcf7 no-js\" id=\"wpcf7-f718-o1\" lang=\"cs-CZ\" dir=\"ltr\">\n<div class=\"screen-reader-response\"><p role=\"status\" aria-live=\"polite\" aria-atomic=\"true\"><\/p> <ul><\/ul><\/div>\n<form action=\"\/en\/wp-json\/wp\/v2\/pages\/693#wpcf7-f718-o1\" method=\"post\" class=\"wpcf7-form init\" aria-label=\"Kontaktn\u00ed formul\u00e1\u0159\" novalidate=\"novalidate\" data-status=\"init\">\n<div style=\"display: none;\">\n<input type=\"hidden\" name=\"_wpcf7\" value=\"718\" \/>\n<input type=\"hidden\" name=\"_wpcf7_version\" value=\"5.9.8\" \/>\n<input type=\"hidden\" name=\"_wpcf7_locale\" value=\"cs_CZ\" \/>\n<input type=\"hidden\" name=\"_wpcf7_unit_tag\" value=\"wpcf7-f718-o1\" \/>\n<input type=\"hidden\" name=\"_wpcf7_container_post\" value=\"0\" \/>\n<input type=\"hidden\" name=\"_wpcf7_posted_data_hash\" value=\"\" \/>\n<\/div>\n<p><span class=\"wpcf7-form-control-wrap\" data-name=\"text-648\"><input size=\"40\" maxlength=\"400\" class=\"wpcf7-form-control wpcf7-text wpcf7-validates-as-required\" aria-required=\"true\" aria-invalid=\"false\" placeholder=\"Persons\" value=\"\" type=\"text\" name=\"text-648\" \/><\/span>\n<\/p>\n<p>Date: <span class=\"wpcf7-form-control-wrap\" data-name=\"date-977\"><input class=\"wpcf7-form-control wpcf7-date wpcf7-validates-as-required wpcf7-validates-as-date datum\" id=\"datum\" aria-required=\"true\" aria-invalid=\"false\" value=\"\" type=\"date\" name=\"date-977\" \/><\/span>\n<\/p>\n<p>Time:<span class=\"wpcf7-form-control-wrap\" data-name=\"cas\"><select class=\"wpcf7-form-control wpcf7-select wpcf7-validates-as-required cas\" id=\"cas\" aria-required=\"true\" aria-invalid=\"false\" name=\"cas\"><option value=\"11\">11<\/option><option value=\"12\">12<\/option><option value=\"13\">13<\/option><option value=\"14\">14<\/option><option value=\"15\">15<\/option><option value=\"16\">16<\/option><option value=\"17\">17<\/option><option value=\"18\">18<\/option><option value=\"19\">19<\/option><option value=\"20\">20<\/option><option value=\"21\">21<\/option><option value=\"22\">22<\/option><option value=\"23\">23<\/option><\/select><\/span><span class=\"wpcf7-form-control-wrap\" data-name=\"min\"><select class=\"wpcf7-form-control wpcf7-select min\" id=\"min\" aria-invalid=\"false\" name=\"min\"><option value=\"00\">00<\/option><option value=\"15\">15<\/option><option value=\"30\">30<\/option><option value=\"45\">45<\/option><\/select><\/span>\n<\/p>\n<p><span class=\"wpcf7-form-control-wrap\" data-name=\"text-698\"><input size=\"40\" maxlength=\"400\" class=\"wpcf7-form-control wpcf7-text wpcf7-validates-as-required\" aria-required=\"true\" aria-invalid=\"false\" placeholder=\"Name\" value=\"\" type=\"text\" name=\"text-698\" \/><\/span>\n<\/p>\n<p><span class=\"wpcf7-form-control-wrap\" data-name=\"text-708\"><input size=\"40\" maxlength=\"400\" class=\"wpcf7-form-control wpcf7-text wpcf7-validates-as-required\" aria-required=\"true\" aria-invalid=\"false\" placeholder=\"Phone\" value=\"\" type=\"text\" name=\"text-708\" \/><\/span>\n<\/p>\n<p><span class=\"wpcf7-form-control-wrap\" data-name=\"text-718\"><input size=\"40\" maxlength=\"400\" class=\"wpcf7-form-control wpcf7-text wpcf7-validates-as-required\" aria-required=\"true\" aria-invalid=\"false\" placeholder=\"E-mail\" value=\"\" type=\"text\" name=\"text-718\" \/><\/span>\n<\/p>\n<p><span class=\"wpcf7-form-control-wrap\" data-name=\"textarea-613\"><textarea cols=\"40\" rows=\"10\" maxlength=\"2000\" class=\"wpcf7-form-control wpcf7-textarea\" aria-invalid=\"false\" placeholder=\"Text\" name=\"textarea-613\"><\/textarea><\/span>\n<\/p>\n<p>The place you requested is not guaranteed when ordering online.\n<\/p>\n<p>For group reservations of more than 15 people and for corporate payments, a service fee of 10% is charged.\n<\/p>\n<p><input class=\"wpcf7-form-control wpcf7-submit has-spinner\" type=\"submit\" value=\"Submit\" \/>\n<\/p><div class=\"wpcf7-response-output\" aria-hidden=\"true\"><\/div>\n<\/form>\n<\/div>\n\n","protected":false},"excerpt":{"rendered":"","protected":false},"author":2,"featured_media":0,"parent":0,"menu_order":0,"comment_status":"closed","ping_status":"closed","template":"","meta":{"footnotes":""},"_links":{"self":[{"href":"https:\/\/www.carosello.cz\/en\/wp-json\/wp\/v2\/pages\/693"}],"collection":[{"href":"https:\/\/www.carosello.cz\/en\/wp-json\/wp\/v2\/pages"}],"about":[{"href":"https:\/\/www.carosello.cz\/en\/wp-json\/wp\/v2\/types\/page"}],"author":[{"embeddable":true,"href":"https:\/\/www.carosello.cz\/en\/wp-json\/wp\/v2\/users\/2"}],"replies":[{"embeddable":true,"href":"https:\/\/www.carosello.cz\/en\/wp-json\/wp\/v2\/comments?post=693"}],"version-history":[{"count":2,"href":"https:\/\/www.carosello.cz\/en\/wp-json\/wp\/v2\/pages\/693\/revisions"}],"predecessor-version":[{"id":719,"href":"https:\/\/www.carosello.cz\/en\/wp-json\/wp\/v2\/pages\/693\/revisions\/719"}],"wp:attachment":[{"href":"https:\/\/www.carosello.cz\/en\/wp-json\/wp\/v2\/media?parent=693"}],"curies":[{"name":"wp","href":"https:\/\/api.w.org\/{rel}","templated":true}]}}