{"id":682,"date":"2019-06-29T09:46:35","date_gmt":"2019-06-29T09:46:35","guid":{"rendered":"https:\/\/www.carosello.cz\/?page_id=682"},"modified":"2019-06-29T09:46:53","modified_gmt":"2019-06-29T09:46:53","slug":"menu","status":"publish","type":"page","link":"https:\/\/www.carosello.cz\/en\/menu\/","title":{"rendered":"Menu"},"content":{"rendered":"<p><a href=\"http:\/\/carosello.cz\/pdf\/denni-nabidka.pdf\" target=\"_blank\">Poledn\u00ed nab\u00eddka<\/a><br \/>\n<a href=\"http:\/\/carosello.cz\/pdf\/denni-nabidka-waikiki.pdf\" target=\"_blank\">Poledn\u00ed nab\u00eddka Waikiki<\/a><br \/>\n<a title=\"J\u00eddeln\u00ed l\u00edstek\" href=\"http:\/\/carosello.cz\/pdf\/carosello-menu-cz.pdf\" target=\"_blank\">J\u00eddeln\u00ed l\u00edstek<\/a><br \/>\n<a href=\"https:\/\/www.carosello.cz\/pdf\/carosello-vina.pdf\">Vinn\u00fd l\u00edstek<\/a><\/p>\n","protected":false},"excerpt":{"rendered":"<p>Poledn\u00ed nab\u00eddka Poledn\u00ed nab\u00eddka Waikiki J\u00eddeln\u00ed l\u00edstek Vinn\u00fd l\u00edstek<\/p>\n","protected":false},"author":2,"featured_media":0,"parent":0,"menu_order":0,"comment_status":"closed","ping_status":"closed","template":"","meta":{"footnotes":""},"_links":{"self":[{"href":"https:\/\/www.carosello.cz\/en\/wp-json\/wp\/v2\/pages\/682"}],"collection":[{"href":"https:\/\/www.carosello.cz\/en\/wp-json\/wp\/v2\/pages"}],"about":[{"href":"https:\/\/www.carosello.cz\/en\/wp-json\/wp\/v2\/types\/page"}],"author":[{"embeddable":true,"href":"https:\/\/www.carosello.cz\/en\/wp-json\/wp\/v2\/users\/2"}],"replies":[{"embeddable":true,"href":"https:\/\/www.carosello.cz\/en\/wp-json\/wp\/v2\/comments?post=682"}],"version-history":[{"count":2,"href":"https:\/\/www.carosello.cz\/en\/wp-json\/wp\/v2\/pages\/682\/revisions"}],"predecessor-version":[{"id":684,"href":"https:\/\/www.carosello.cz\/en\/wp-json\/wp\/v2\/pages\/682\/revisions\/684"}],"wp:attachment":[{"href":"https:\/\/www.carosello.cz\/en\/wp-json\/wp\/v2\/media?parent=682"}],"curies":[{"name":"wp","href":"https:\/\/api.w.org\/{rel}","templated":true}]}}